{"id":310,"date":"2025-11-04T00:02:40","date_gmt":"2025-11-04T00:02:40","guid":{"rendered":"https:\/\/efikap.com\/inicio\/services\/"},"modified":"2025-12-10T21:53:45","modified_gmt":"2025-12-10T21:53:45","slug":"servicios","status":"publish","type":"page","link":"https:\/\/efikap.com\/inicio\/servicios\/","title":{"rendered":"Servicios"},"content":{"rendered":"\t\t<div data-elementor-type=\"wp-post\" data-elementor-id=\"310\" class=\"elementor elementor-310\" data-elementor-post-type=\"page\">\n\t\t\t\t\t\t<section class=\"elementor-section elementor-top-section elementor-element elementor-element-226bc03 elementor-section-boxed elementor-section-height-default elementor-section-height-default\" data-id=\"226bc03\" data-element_type=\"section\" data-e-type=\"section\" data-settings=\"{&quot;background_background&quot;:&quot;classic&quot;}\">\n\t\t\t\t\t\t\t<div class=\"elementor-background-overlay\"><\/div>\n\t\t\t\t\t\t\t<div class=\"elementor-container elementor-column-gap-no\">\n\t\t\t\t\t<div class=\"elementor-column elementor-col-100 elementor-top-column elementor-element elementor-element-50d1d5b\" data-id=\"50d1d5b\" data-element_type=\"column\" data-e-type=\"column\">\n\t\t\t<div class=\"elementor-widget-wrap elementor-element-populated\">\n\t\t\t\t\t\t<div class=\"elementor-element elementor-element-8c0d8b6 elementor-widget elementor-widget-heading\" data-id=\"8c0d8b6\" data-element_type=\"widget\" data-e-type=\"widget\" data-widget_type=\"heading.default\">\n\t\t\t\t<div class=\"elementor-widget-container\">\n\t\t\t\t\t<h1 class=\"elementor-heading-title elementor-size-default\">Servicios<\/h1>\t\t\t\t<\/div>\n\t\t\t\t<\/div>\n\t\t\t\t\t<\/div>\n\t\t<\/div>\n\t\t\t\t\t<\/div>\n\t\t<\/section>\n\t\t<div class=\"elementor-element elementor-element-882f1a3 e-flex e-con-boxed e-con e-parent\" data-id=\"882f1a3\" data-element_type=\"container\" data-e-type=\"container\">\n\t\t\t\t\t<div class=\"e-con-inner\">\n\t\t\t\t<div class=\"elementor-element elementor-element-6fe1a80 elementor-widget elementor-widget-text-editor\" data-id=\"6fe1a80\" data-element_type=\"widget\" data-e-type=\"widget\" data-widget_type=\"text-editor.default\">\n\t\t\t\t<div class=\"elementor-widget-container\">\n\t\t\t\t\t\t\t\t\t<p>En <strong>Efikap Consultores<\/strong> creemos que el \u00e9xito empresarial es el resultado de aplicar oportunamente acertadas estrategias fiscales y financieras que permitan mantener tranquilidad y confianza en la toma de decisiones.<\/p><p>A trav\u00e9s de nuestros servicios buscamos establecer relaciones a largo plazo, mostrando empat\u00eda, respeto, confidencialidad y cuidado por nuestros clientes. Conozca nuestros servicios especializados y perm\u00edtanos ser parte integral en el desarrollo de sus negocios.<\/p>\t\t\t\t\t\t\t\t<\/div>\n\t\t\t\t<\/div>\n\t\t\t\t\t<\/div>\n\t\t\t\t<\/div>\n\t\t<div class=\"elementor-element elementor-element-972121b e-flex e-con-boxed e-con e-parent\" data-id=\"972121b\" data-element_type=\"container\" data-e-type=\"container\">\n\t\t\t\t\t<div class=\"e-con-inner\">\n\t\t\t\t<div class=\"elementor-element elementor-element-999b355 elementor-widget elementor-widget-heading\" data-id=\"999b355\" data-element_type=\"widget\" data-e-type=\"widget\" data-widget_type=\"heading.default\">\n\t\t\t\t<div class=\"elementor-widget-container\">\n\t\t\t\t\t<h2 class=\"elementor-heading-title elementor-size-default\">\u00bfC\u00f3mo podemos ayudarle?<\/h2>\t\t\t\t<\/div>\n\t\t\t\t<\/div>\n\t\t\t\t<div class=\"elementor-element elementor-element-ff17d58 elementor-posts--thumbnail-top elementor-grid-3 elementor-grid-tablet-2 elementor-grid-mobile-1 elementor-widget elementor-widget-posts\" data-id=\"ff17d58\" data-element_type=\"widget\" data-e-type=\"widget\" data-settings=\"{&quot;custom_columns&quot;:&quot;3&quot;,&quot;custom_columns_tablet&quot;:&quot;2&quot;,&quot;custom_columns_mobile&quot;:&quot;1&quot;,&quot;custom_row_gap&quot;:{&quot;unit&quot;:&quot;px&quot;,&quot;size&quot;:35,&quot;sizes&quot;:[]},&quot;custom_row_gap_tablet&quot;:{&quot;unit&quot;:&quot;px&quot;,&quot;size&quot;:&quot;&quot;,&quot;sizes&quot;:[]},&quot;custom_row_gap_mobile&quot;:{&quot;unit&quot;:&quot;px&quot;,&quot;size&quot;:&quot;&quot;,&quot;sizes&quot;:[]}}\" data-widget_type=\"posts.custom\">\n\t\t\t\t<div class=\"elementor-widget-container\">\n\t\t\t\t\t      <div class=\"ecs-posts elementor-posts-container elementor-posts   elementor-grid elementor-posts--skin-custom\" data-settings=\"{&quot;current_page&quot;:1,&quot;max_num_pages&quot;:1,&quot;load_method&quot;:&quot;&quot;,&quot;widget_id&quot;:&quot;ff17d58&quot;,&quot;post_id&quot;:310,&quot;theme_id&quot;:310,&quot;change_url&quot;:false,&quot;reinit_js&quot;:false}\">\n      \t\t<article id=\"post-462\" class=\"elementor-post elementor-grid-item ecs-post-loop post-462 servicio type-servicio status-publish has-post-thumbnail hentry\">\n\t\t\t\t<div data-elementor-type=\"loop\" data-elementor-id=\"444\" class=\"elementor elementor-444 post-462 servicio type-servicio status-publish has-post-thumbnail hentry ast-article-single\" data-elementor-post-type=\"elementor_library\">\n\t\t\t<div class=\"elementor-element elementor-element-9fb71c0 e-flex e-con-boxed e-con e-parent\" data-id=\"9fb71c0\" data-element_type=\"container\" data-e-type=\"container\">\n\t\t\t\t\t<div class=\"e-con-inner\">\n\t\t\t\t<div class=\"elementor-element elementor-element-d9f3898 elementor-widget elementor-widget-theme-post-featured-image elementor-widget-image\" data-id=\"d9f3898\" data-element_type=\"widget\" data-e-type=\"widget\" data-widget_type=\"theme-post-featured-image.default\">\n\t\t\t\t<div class=\"elementor-widget-container\">\n\t\t\t\t\t\t\t\t\t\t\t\t\t\t\t\t<a href=\"https:\/\/efikap.com\/inicio\/servicio\/administracion-de-planilla\/\">\n\t\t\t\t\t\t\t<img fetchpriority=\"high\" decoding=\"async\" width=\"885\" height=\"573\" src=\"https:\/\/efikap.com\/inicio\/wp-content\/uploads\/2025\/11\/planilla.jpg\" class=\"elementor-animation-shrink attachment-large size-large wp-image-463\" alt=\"\" srcset=\"https:\/\/efikap.com\/inicio\/wp-content\/uploads\/2025\/11\/planilla.jpg 885w, https:\/\/efikap.com\/inicio\/wp-content\/uploads\/2025\/11\/planilla-300x194.jpg 300w, https:\/\/efikap.com\/inicio\/wp-content\/uploads\/2025\/11\/planilla-768x497.jpg 768w\" sizes=\"(max-width: 885px) 100vw, 885px\" \/>\t\t\t\t\t\t\t\t<\/a>\n\t\t\t\t\t\t\t\t\t\t\t\t\t\t\t<\/div>\n\t\t\t\t<\/div>\n\t\t\t\t<div class=\"elementor-element elementor-element-30bdc41 title-item elementor-widget elementor-widget-heading\" data-id=\"30bdc41\" data-element_type=\"widget\" data-e-type=\"widget\" data-widget_type=\"heading.default\">\n\t\t\t\t<div class=\"elementor-widget-container\">\n\t\t\t\t\t<h3 class=\"elementor-heading-title elementor-size-default\"><a href=\"https:\/\/efikap.com\/inicio\/servicio\/administracion-de-planilla\/\">Administraci\u00f3n de planilla<\/a><\/h3>\t\t\t\t<\/div>\n\t\t\t\t<\/div>\n\t\t\t\t\t<\/div>\n\t\t\t\t<\/div>\n\t\t\t\t<\/div>\n\t\t\t\t<\/article>\n\t\t\t\t<article id=\"post-460\" class=\"elementor-post elementor-grid-item ecs-post-loop post-460 servicio type-servicio status-publish has-post-thumbnail hentry\">\n\t\t\t\t<div data-elementor-type=\"loop\" data-elementor-id=\"444\" class=\"elementor elementor-444 post-460 servicio type-servicio status-publish has-post-thumbnail hentry ast-article-single\" data-elementor-post-type=\"elementor_library\">\n\t\t\t<div class=\"elementor-element elementor-element-9fb71c0 e-flex e-con-boxed e-con e-parent\" data-id=\"9fb71c0\" data-element_type=\"container\" data-e-type=\"container\">\n\t\t\t\t\t<div class=\"e-con-inner\">\n\t\t\t\t<div class=\"elementor-element elementor-element-d9f3898 elementor-widget elementor-widget-theme-post-featured-image elementor-widget-image\" data-id=\"d9f3898\" data-element_type=\"widget\" data-e-type=\"widget\" data-widget_type=\"theme-post-featured-image.default\">\n\t\t\t\t<div class=\"elementor-widget-container\">\n\t\t\t\t\t\t\t\t\t\t\t\t\t\t\t\t<a href=\"https:\/\/efikap.com\/inicio\/servicio\/gestiones-ante-ive\/\">\n\t\t\t\t\t\t\t<img decoding=\"async\" width=\"954\" height=\"605\" src=\"https:\/\/efikap.com\/inicio\/wp-content\/uploads\/2025\/11\/lavado-de-dinero.jpg\" class=\"elementor-animation-shrink attachment-large size-large wp-image-461\" alt=\"\" srcset=\"https:\/\/efikap.com\/inicio\/wp-content\/uploads\/2025\/11\/lavado-de-dinero.jpg 954w, https:\/\/efikap.com\/inicio\/wp-content\/uploads\/2025\/11\/lavado-de-dinero-300x190.jpg 300w, https:\/\/efikap.com\/inicio\/wp-content\/uploads\/2025\/11\/lavado-de-dinero-768x487.jpg 768w\" sizes=\"(max-width: 954px) 100vw, 954px\" \/>\t\t\t\t\t\t\t\t<\/a>\n\t\t\t\t\t\t\t\t\t\t\t\t\t\t\t<\/div>\n\t\t\t\t<\/div>\n\t\t\t\t<div class=\"elementor-element elementor-element-30bdc41 title-item elementor-widget elementor-widget-heading\" data-id=\"30bdc41\" data-element_type=\"widget\" data-e-type=\"widget\" data-widget_type=\"heading.default\">\n\t\t\t\t<div class=\"elementor-widget-container\">\n\t\t\t\t\t<h3 class=\"elementor-heading-title elementor-size-default\"><a href=\"https:\/\/efikap.com\/inicio\/servicio\/gestiones-ante-ive\/\">Gestiones ante IVE<\/a><\/h3>\t\t\t\t<\/div>\n\t\t\t\t<\/div>\n\t\t\t\t<div class=\"elementor-element elementor-element-008e4f0 elementor-widget elementor-widget-theme-post-excerpt\" data-id=\"008e4f0\" data-element_type=\"widget\" data-e-type=\"widget\" data-widget_type=\"theme-post-excerpt.default\">\n\t\t\t\t<div class=\"elementor-widget-container\">\n\t\t\t\t\tAsesor\u00eda para empresas con obligaciones ante la IVE (transparencia y cumplimiento).\t\t\t\t<\/div>\n\t\t\t\t<\/div>\n\t\t\t\t\t<\/div>\n\t\t\t\t<\/div>\n\t\t\t\t<\/div>\n\t\t\t\t<\/article>\n\t\t\t\t<article id=\"post-458\" class=\"elementor-post elementor-grid-item ecs-post-loop post-458 servicio type-servicio status-publish has-post-thumbnail hentry\">\n\t\t\t\t<div data-elementor-type=\"loop\" data-elementor-id=\"444\" class=\"elementor elementor-444 post-458 servicio type-servicio status-publish has-post-thumbnail hentry ast-article-single\" data-elementor-post-type=\"elementor_library\">\n\t\t\t<div class=\"elementor-element elementor-element-9fb71c0 e-flex e-con-boxed e-con e-parent\" data-id=\"9fb71c0\" data-element_type=\"container\" data-e-type=\"container\">\n\t\t\t\t\t<div class=\"e-con-inner\">\n\t\t\t\t<div class=\"elementor-element elementor-element-d9f3898 elementor-widget elementor-widget-theme-post-featured-image elementor-widget-image\" data-id=\"d9f3898\" data-element_type=\"widget\" data-e-type=\"widget\" data-widget_type=\"theme-post-featured-image.default\">\n\t\t\t\t<div class=\"elementor-widget-container\">\n\t\t\t\t\t\t\t\t\t\t\t\t\t\t\t\t<a href=\"https:\/\/efikap.com\/inicio\/servicio\/auditoria-integral\/\">\n\t\t\t\t\t\t\t<img decoding=\"async\" width=\"345\" height=\"222\" src=\"https:\/\/efikap.com\/inicio\/wp-content\/uploads\/2025\/11\/auditoria-1.png\" class=\"elementor-animation-shrink attachment-large size-large wp-image-459\" alt=\"\" srcset=\"https:\/\/efikap.com\/inicio\/wp-content\/uploads\/2025\/11\/auditoria-1.png 345w, https:\/\/efikap.com\/inicio\/wp-content\/uploads\/2025\/11\/auditoria-1-300x193.png 300w\" sizes=\"(max-width: 345px) 100vw, 345px\" \/>\t\t\t\t\t\t\t\t<\/a>\n\t\t\t\t\t\t\t\t\t\t\t\t\t\t\t<\/div>\n\t\t\t\t<\/div>\n\t\t\t\t<div class=\"elementor-element elementor-element-30bdc41 title-item elementor-widget elementor-widget-heading\" data-id=\"30bdc41\" data-element_type=\"widget\" data-e-type=\"widget\" data-widget_type=\"heading.default\">\n\t\t\t\t<div class=\"elementor-widget-container\">\n\t\t\t\t\t<h3 class=\"elementor-heading-title elementor-size-default\"><a href=\"https:\/\/efikap.com\/inicio\/servicio\/auditoria-integral\/\">Auditor\u00eda Integral<\/a><\/h3>\t\t\t\t<\/div>\n\t\t\t\t<\/div>\n\t\t\t\t<div class=\"elementor-element elementor-element-008e4f0 elementor-widget elementor-widget-theme-post-excerpt\" data-id=\"008e4f0\" data-element_type=\"widget\" data-e-type=\"widget\" data-widget_type=\"theme-post-excerpt.default\">\n\t\t\t\t<div class=\"elementor-widget-container\">\n\t\t\t\t\tAuditor\u00edas financieras, operativas y de cumplimiento.\t\t\t\t<\/div>\n\t\t\t\t<\/div>\n\t\t\t\t\t<\/div>\n\t\t\t\t<\/div>\n\t\t\t\t<\/div>\n\t\t\t\t<\/article>\n\t\t\t\t<article id=\"post-454\" class=\"elementor-post elementor-grid-item ecs-post-loop post-454 servicio type-servicio status-publish has-post-thumbnail hentry\">\n\t\t\t\t<div data-elementor-type=\"loop\" data-elementor-id=\"444\" class=\"elementor elementor-444 post-454 servicio type-servicio status-publish has-post-thumbnail hentry ast-article-single\" data-elementor-post-type=\"elementor_library\">\n\t\t\t<div class=\"elementor-element elementor-element-9fb71c0 e-flex e-con-boxed e-con e-parent\" data-id=\"9fb71c0\" data-element_type=\"container\" data-e-type=\"container\">\n\t\t\t\t\t<div class=\"e-con-inner\">\n\t\t\t\t<div class=\"elementor-element elementor-element-d9f3898 elementor-widget elementor-widget-theme-post-featured-image elementor-widget-image\" data-id=\"d9f3898\" data-element_type=\"widget\" data-e-type=\"widget\" data-widget_type=\"theme-post-featured-image.default\">\n\t\t\t\t<div class=\"elementor-widget-container\">\n\t\t\t\t\t\t\t\t\t\t\t\t\t\t\t\t<a href=\"https:\/\/efikap.com\/inicio\/servicio\/consultoria-tributaria\/\">\n\t\t\t\t\t\t\t<img loading=\"lazy\" decoding=\"async\" width=\"345\" height=\"222\" src=\"https:\/\/efikap.com\/inicio\/wp-content\/uploads\/2025\/11\/consultoria-1.png\" class=\"elementor-animation-shrink attachment-large size-large wp-image-455\" alt=\"\" srcset=\"https:\/\/efikap.com\/inicio\/wp-content\/uploads\/2025\/11\/consultoria-1.png 345w, https:\/\/efikap.com\/inicio\/wp-content\/uploads\/2025\/11\/consultoria-1-300x193.png 300w\" sizes=\"(max-width: 345px) 100vw, 345px\" \/>\t\t\t\t\t\t\t\t<\/a>\n\t\t\t\t\t\t\t\t\t\t\t\t\t\t\t<\/div>\n\t\t\t\t<\/div>\n\t\t\t\t<div class=\"elementor-element elementor-element-30bdc41 title-item elementor-widget elementor-widget-heading\" data-id=\"30bdc41\" data-element_type=\"widget\" data-e-type=\"widget\" data-widget_type=\"heading.default\">\n\t\t\t\t<div class=\"elementor-widget-container\">\n\t\t\t\t\t<h3 class=\"elementor-heading-title elementor-size-default\"><a href=\"https:\/\/efikap.com\/inicio\/servicio\/consultoria-tributaria\/\">Consultor\u00eda Tributaria<\/a><\/h3>\t\t\t\t<\/div>\n\t\t\t\t<\/div>\n\t\t\t\t<div class=\"elementor-element elementor-element-008e4f0 elementor-widget elementor-widget-theme-post-excerpt\" data-id=\"008e4f0\" data-element_type=\"widget\" data-e-type=\"widget\" data-widget_type=\"theme-post-excerpt.default\">\n\t\t\t\t<div class=\"elementor-widget-container\">\n\t\t\t\t\tAsesor\u00eda fiscal, planificaci\u00f3n y cumplimiento de obligaciones ante SAT.\t\t\t\t<\/div>\n\t\t\t\t<\/div>\n\t\t\t\t\t<\/div>\n\t\t\t\t<\/div>\n\t\t\t\t<\/div>\n\t\t\t\t<\/article>\n\t\t\t\t<article id=\"post-433\" class=\"elementor-post elementor-grid-item ecs-post-loop post-433 servicio type-servicio status-publish has-post-thumbnail hentry\">\n\t\t\t\t<div data-elementor-type=\"loop\" data-elementor-id=\"444\" class=\"elementor elementor-444 post-433 servicio type-servicio status-publish has-post-thumbnail hentry ast-article-single\" data-elementor-post-type=\"elementor_library\">\n\t\t\t<div class=\"elementor-element elementor-element-9fb71c0 e-flex e-con-boxed e-con e-parent\" data-id=\"9fb71c0\" data-element_type=\"container\" data-e-type=\"container\">\n\t\t\t\t\t<div class=\"e-con-inner\">\n\t\t\t\t<div class=\"elementor-element elementor-element-d9f3898 elementor-widget elementor-widget-theme-post-featured-image elementor-widget-image\" data-id=\"d9f3898\" data-element_type=\"widget\" data-e-type=\"widget\" data-widget_type=\"theme-post-featured-image.default\">\n\t\t\t\t<div class=\"elementor-widget-container\">\n\t\t\t\t\t\t\t\t\t\t\t\t\t\t\t\t<a href=\"https:\/\/efikap.com\/inicio\/servicio\/contabilidad\/\">\n\t\t\t\t\t\t\t<img loading=\"lazy\" decoding=\"async\" width=\"1024\" height=\"683\" src=\"https:\/\/efikap.com\/inicio\/wp-content\/uploads\/2025\/11\/contabilidad-1024x683.jpg\" class=\"elementor-animation-shrink attachment-large size-large wp-image-441\" alt=\"\" srcset=\"https:\/\/efikap.com\/inicio\/wp-content\/uploads\/2025\/11\/contabilidad-1024x683.jpg 1024w, https:\/\/efikap.com\/inicio\/wp-content\/uploads\/2025\/11\/contabilidad-300x200.jpg 300w, https:\/\/efikap.com\/inicio\/wp-content\/uploads\/2025\/11\/contabilidad-768x512.jpg 768w, https:\/\/efikap.com\/inicio\/wp-content\/uploads\/2025\/11\/contabilidad-1536x1024.jpg 1536w, https:\/\/efikap.com\/inicio\/wp-content\/uploads\/2025\/11\/contabilidad-2048x1365.jpg 2048w\" sizes=\"(max-width: 1024px) 100vw, 1024px\" \/>\t\t\t\t\t\t\t\t<\/a>\n\t\t\t\t\t\t\t\t\t\t\t\t\t\t\t<\/div>\n\t\t\t\t<\/div>\n\t\t\t\t<div class=\"elementor-element elementor-element-30bdc41 title-item elementor-widget elementor-widget-heading\" data-id=\"30bdc41\" data-element_type=\"widget\" data-e-type=\"widget\" data-widget_type=\"heading.default\">\n\t\t\t\t<div class=\"elementor-widget-container\">\n\t\t\t\t\t<h3 class=\"elementor-heading-title elementor-size-default\"><a href=\"https:\/\/efikap.com\/inicio\/servicio\/contabilidad\/\">Contabilidad<\/a><\/h3>\t\t\t\t<\/div>\n\t\t\t\t<\/div>\n\t\t\t\t<div class=\"elementor-element elementor-element-008e4f0 elementor-widget elementor-widget-theme-post-excerpt\" data-id=\"008e4f0\" data-element_type=\"widget\" data-e-type=\"widget\" data-widget_type=\"theme-post-excerpt.default\">\n\t\t\t\t<div class=\"elementor-widget-container\">\n\t\t\t\t\tContabilidad mensual, estados financieros, conciliaciones, cierres, reportes.\t\t\t\t<\/div>\n\t\t\t\t<\/div>\n\t\t\t\t\t<\/div>\n\t\t\t\t<\/div>\n\t\t\t\t<\/div>\n\t\t\t\t<\/article>\n\t\t\t\t<\/div>\n\t\t\t\t\t\t<\/div>\n\t\t\t\t<\/div>\n\t\t\t\t\t<\/div>\n\t\t\t\t<\/div>\n\t\t\t\t<section class=\"elementor-section elementor-top-section elementor-element elementor-element-42accc0 elementor-section-content-middle elementor-section-boxed elementor-section-height-default elementor-section-height-default\" data-id=\"42accc0\" data-element_type=\"section\" data-e-type=\"section\" data-settings=\"{&quot;background_background&quot;:&quot;classic&quot;}\">\n\t\t\t\t\t\t\t<div class=\"elementor-background-overlay\"><\/div>\n\t\t\t\t\t\t\t<div class=\"elementor-container elementor-column-gap-no\">\n\t\t\t\t\t<div class=\"elementor-column elementor-col-50 elementor-top-column elementor-element elementor-element-5f1016b\" data-id=\"5f1016b\" data-element_type=\"column\" data-e-type=\"column\">\n\t\t\t<div class=\"elementor-widget-wrap elementor-element-populated\">\n\t\t\t\t\t\t<div class=\"elementor-element elementor-element-c4a7a3b elementor-widget elementor-widget-heading\" data-id=\"c4a7a3b\" data-element_type=\"widget\" data-e-type=\"widget\" data-widget_type=\"heading.default\">\n\t\t\t\t<div class=\"elementor-widget-container\">\n\t\t\t\t\t<h5 class=\"elementor-heading-title elementor-size-default\">\u00bfTiene preguntas?<\/h5>\t\t\t\t<\/div>\n\t\t\t\t<\/div>\n\t\t\t\t<div class=\"elementor-element elementor-element-d238bc9 elementor-widget elementor-widget-heading\" data-id=\"d238bc9\" data-element_type=\"widget\" data-e-type=\"widget\" data-widget_type=\"heading.default\">\n\t\t\t\t<div class=\"elementor-widget-container\">\n\t\t\t\t\t<h2 class=\"elementor-heading-title elementor-size-default\">Cont\u00e1ctenos para una consulta<\/h2>\t\t\t\t<\/div>\n\t\t\t\t<\/div>\n\t\t\t\t<div class=\"elementor-element elementor-element-6cbde6f elementor-widget elementor-widget-text-editor\" data-id=\"6cbde6f\" data-element_type=\"widget\" data-e-type=\"widget\" data-widget_type=\"text-editor.default\">\n\t\t\t\t<div class=\"elementor-widget-container\">\n\t\t\t\t\t\t\t\t\t<p>Sabemos que cada caso y empresa es distinta. Por ello, nos gustar\u00eda conocerle y saber c\u00f3mo podemos ayudar a su empresa con nuestra gama de servicios.<\/p>\t\t\t\t\t\t\t\t<\/div>\n\t\t\t\t<\/div>\n\t\t\t\t\t<\/div>\n\t\t<\/div>\n\t\t\t\t<div class=\"elementor-column elementor-col-50 elementor-top-column elementor-element elementor-element-ffbec08\" data-id=\"ffbec08\" data-element_type=\"column\" data-e-type=\"column\">\n\t\t\t<div class=\"elementor-widget-wrap elementor-element-populated\">\n\t\t\t\t\t\t<div class=\"elementor-element elementor-element-fb2232d elementor-align-right elementor-mobile-align-center elementor-widget elementor-widget-button\" data-id=\"fb2232d\" data-element_type=\"widget\" data-e-type=\"widget\" data-widget_type=\"button.default\">\n\t\t\t\t<div class=\"elementor-widget-container\">\n\t\t\t\t\t\t\t\t\t<div class=\"elementor-button-wrapper\">\n\t\t\t\t\t<a class=\"elementor-button elementor-button-link elementor-size-md\" href=\"#efikap-footer\">\n\t\t\t\t\t\t<span class=\"elementor-button-content-wrapper\">\n\t\t\t\t\t\t\t\t\t<span class=\"elementor-button-text\">cont\u00e1ctenos<\/span>\n\t\t\t\t\t<\/span>\n\t\t\t\t\t<\/a>\n\t\t\t\t<\/div>\n\t\t\t\t\t\t\t\t<\/div>\n\t\t\t\t<\/div>\n\t\t\t\t\t<\/div>\n\t\t<\/div>\n\t\t\t\t\t<\/div>\n\t\t<\/section>\n\t\t\t\t<\/div>\n\t\t","protected":false},"excerpt":{"rendered":"<p>Servicios En Efikap Consultores creemos que el \u00e9xito empresarial es el resultado de aplicar oportunamente acertadas estrategias fiscales y financieras que permitan mantener tranquilidad y confianza en la toma de decisiones. A trav\u00e9s de nuestros servicios buscamos establecer relaciones a largo plazo, mostrando empat\u00eda, respeto, confidencialidad y cuidado por nuestros clientes. Conozca nuestros servicios especializados [&hellip;]<\/p>\n","protected":false},"author":1,"featured_media":0,"parent":0,"menu_order":0,"comment_status":"closed","ping_status":"closed","template":"","meta":{"_acf_changed":false,"site-sidebar-layout":"default","site-content-layout":"page-builder","ast-site-content-layout":"default","site-content-style":"default","site-sidebar-style":"default","ast-global-header-display":"","ast-banner-title-visibility":"","ast-main-header-display":"","ast-hfb-above-header-display":"","ast-hfb-below-header-display":"","ast-hfb-mobile-header-display":"","site-post-title":"disabled","ast-breadcrumbs-content":"","ast-featured-img":"disabled","footer-sml-layout":"","ast-disable-related-posts":"","theme-transparent-header-meta":"enabled","adv-header-id-meta":"","stick-header-meta":"","header-above-stick-meta":"","header-main-stick-meta":"","header-below-stick-meta":"","astra-migrate-meta-layouts":"default","ast-page-background-enabled":"default","ast-page-background-meta":{"desktop":{"background-color":"","background-image":"","background-repeat":"repeat","background-position":"center center","background-size":"auto","background-attachment":"scroll","background-type":"","background-media":"","overlay-type":"","overlay-color":"","overlay-opacity":"","overlay-gradient":""},"tablet":{"background-color":"","background-image":"","background-repeat":"repeat","background-position":"center center","background-size":"auto","background-attachment":"scroll","background-type":"","background-media":"","overlay-type":"","overlay-color":"","overlay-opacity":"","overlay-gradient":""},"mobile":{"background-color":"","background-image":"","background-repeat":"repeat","background-position":"center center","background-size":"auto","background-attachment":"scroll","background-type":"","background-media":"","overlay-type":"","overlay-color":"","overlay-opacity":"","overlay-gradient":""}},"ast-content-background-meta":{"desktop":{"background-color":"var(--ast-global-color-5)","background-image":"","background-repeat":"repeat","background-position":"center center","background-size":"auto","background-attachment":"scroll","background-type":"","background-media":"","overlay-type":"","overlay-color":"","overlay-opacity":"","overlay-gradient":""},"tablet":{"background-color":"var(--ast-global-color-5)","background-image":"","background-repeat":"repeat","background-position":"center center","background-size":"auto","background-attachment":"scroll","background-type":"","background-media":"","overlay-type":"","overlay-color":"","overlay-opacity":"","overlay-gradient":""},"mobile":{"background-color":"var(--ast-global-color-5)","background-image":"","background-repeat":"repeat","background-position":"center center","background-size":"auto","background-attachment":"scroll","background-type":"","background-media":"","overlay-type":"","overlay-color":"","overlay-opacity":"","overlay-gradient":""}},"footnotes":""},"class_list":["post-310","page","type-page","status-publish","hentry"],"acf":[],"_links":{"self":[{"href":"https:\/\/efikap.com\/inicio\/wp-json\/wp\/v2\/pages\/310","targetHints":{"allow":["GET"]}}],"collection":[{"href":"https:\/\/efikap.com\/inicio\/wp-json\/wp\/v2\/pages"}],"about":[{"href":"https:\/\/efikap.com\/inicio\/wp-json\/wp\/v2\/types\/page"}],"author":[{"embeddable":true,"href":"https:\/\/efikap.com\/inicio\/wp-json\/wp\/v2\/users\/1"}],"replies":[{"embeddable":true,"href":"https:\/\/efikap.com\/inicio\/wp-json\/wp\/v2\/comments?post=310"}],"version-history":[{"count":25,"href":"https:\/\/efikap.com\/inicio\/wp-json\/wp\/v2\/pages\/310\/revisions"}],"predecessor-version":[{"id":800,"href":"https:\/\/efikap.com\/inicio\/wp-json\/wp\/v2\/pages\/310\/revisions\/800"}],"wp:attachment":[{"href":"https:\/\/efikap.com\/inicio\/wp-json\/wp\/v2\/media?parent=310"}],"curies":[{"name":"wp","href":"https:\/\/api.w.org\/{rel}","templated":true}]}}